{"id":222,"date":"2024-11-21T21:59:20","date_gmt":"2024-11-21T20:59:20","guid":{"rendered":"https:\/?page_id=222"},"modified":"2026-02-06T21:35:09","modified_gmt":"2026-02-06T20:35:09","slug":"avis-legal","status":"publish","type":"page","link":"https:\/\/amcodesignweb.com\/ca\/avis-legal\/","title":{"rendered":"Av\u00eds legal"},"content":{"rendered":"<p><img decoding=\"async\" src=\"\/wp-content\/uploads\/2024\/11\/legal-home.png\" alt=\"\"><\/p>\n<h1><strong>AV\u00cdS LEGAL<\/strong><\/h1>\n<h2><strong>1. Informaci\u00f3 legal<\/strong><\/h2>\n<div>\n<p>En cumpliment de la <strong>Llei 34\/2002, d&#8217;11 de juliol, de Serveis de la Societat de l&#8217;Informaci\u00f3 i el Comer\u00e7 Electr\u00f2nic (LSSI-CE)<\/strong> presentem la seg\u00fcent informaci\u00f3:<\/p>\n<p><strong>TITULAR:<\/strong><span>\u00a0<\/span>ALEXANDRA PA\u00d1OS ALCAL\u00c1<\/p>\n<p><strong>DNI:<\/strong><span> 47790052P<\/span><\/p>\n<p><strong>NOM COMERCIAL:<\/strong><span> AMCODESIGN<\/span><\/p>\n<p><strong>DIRECCI\u00d3:<\/strong><span>\u00a0<\/span>Carrer Perdiu, 3, Oficina 1 &#8211; 08480 L&#8217;Ametlla del Vall\u00e8s (Barcelona)<\/p>\n<p><strong>CONTACTE: <a href=\"tel:+34930485120\" target=\"_blank\" rel=\"noopener\">+34 930 485 120<\/a><\/strong><\/p>\n<p><strong>CORREU ELECTR\u00d2NIC:\u00a0<\/strong><a href=\"mailto:info@amcodesignweb.com\" target=\"_blank\" rel=\"noopener\">info@amcodesignweb.com<\/a><\/p>\n<p><strong>P\u00c0GINA WEB OFICIAL:<\/strong><span>\u00a0<\/span><a href=\"https:\/\/amcodesignweb.com\/ca\/\">https:\/\/amcodesignweb.com\/ca\/<\/a><\/p>\n<\/div>\n<h2><strong>2. Protecci\u00f3 de dades<\/strong><\/h2>\n<div>\n<p>Enviant un correu electr\u00f2nic o trucant per tel\u00e8fon, les teves dades personals passaran a ser responsabilitat de l&#8217;empresa indicada en l&#8217;apartat <strong>\u00ab1. Informaci\u00f3 Legal\u00bb<\/strong>.<\/p>\n<p>Aquestes dades s&#8217;utilitzaran per respondre la teva sol\u00b7licitud o consulta al m\u00e9s aviat possible, per qu\u00e8 ens ho proporciones informat i lliurement amb aquesta finalitat. Per altres tractaments o finalitats relacionats amb prestacions dels nostres serveis o el desenvolupament de la nostra activitat, podr\u00e0s obtenir m\u00e9s informaci\u00f3 a la <strong>\u00abPol\u00edtica de Privacitat\u00bb<\/strong><span> o sol\u00b7licitar-la a la nostra adre\u00e7a de correu electr\u00f2nic que apareix en l&#8217;apartat<\/span><span>\u00a0<\/span><strong>\u00ab1. Informaci\u00f3 Legal\u00bb<\/strong>.<\/p>\n<\/div>\n<h2><strong>3. Limitaci\u00f3 de responsabilitats<\/strong><\/h2>\n<div>\n<p><strong>AMCODESIGN <\/strong><span>proporciona el lloc web corporatiu, com un mitj\u00e0 per donar a con\u00e8ixer els seus serveis, i permetre el contacte amb els clients.<\/span><\/p>\n<p>La informaci\u00f3 de la p\u00e0gina web es presenta de bona fe i totalment certa, per\u00f2 ens reservem el dret de modificar-la sense previ av\u00eds amb la finalitat d&#8217;actualitzar-la, corregir errors i qualsevol altre en inter\u00e8s de l&#8217;empresa o dels nostres clients. Per la contractaci\u00f3 dels serveis de l&#8217;empresa s&#8217;atendran al que es disposa a les condicions de contractaci\u00f3 publicades a la p\u00e0gina web.<\/p>\n<p>L&#8217;empresa no es responsabilitza sobre possibles danys inform\u00e0tics que pateixi l&#8217;usuari mentre visita la nostra p\u00e0gina web, entenent que aquests no poden ser imputables a l&#8217;empresa.<\/p>\n<p>L&#8217;empresa tampoc es responsabilitza del contingut dels llocs gestionats per tercers que s&#8217;enllacin des de la p\u00e0gina web de<strong>\u00a0AMCODESIGN<\/strong>, aix\u00ed mateix aquests enlla\u00e7os no implicaran l&#8217;exist\u00e8ncia d&#8217;algun tipus de relaci\u00f3 per part de l&#8217;empresa amb tercers.<\/p>\n<\/div>\n<h2><strong>4. Propietat intel\u00b7lectual<\/strong><\/h2>\n<div>\n<p><span>Tots els continguts d&#8217;aquesta p\u00e0gina web entenent com a tal, textos, dibuixos, gr\u00e0fics, fotografies, imatges, v\u00eddeos, m\u00fasica, codi, el mateix disseny d&#8217;aquesta i qualsevol altra creaci\u00f3 s\u00f3n propietat d&#8217;<strong>AMCODESIGN <\/strong><\/span><span>o dels seus respectius titulars, mitjan\u00e7ant la corresponent llic\u00e8ncia, autoritzaci\u00f3 o cessi\u00f3 sobre els drets, i estan protegits en funci\u00f3 de la legislaci\u00f3 sobre la propietat intel\u00b7lectual i industrial. En cap cas, s&#8217;entendr\u00e0 que la posada a disposici\u00f3 al p\u00fablic de la p\u00e0gina web, constitueix a ren\u00fancia, cessi\u00f3 o llic\u00e8ncia dels drets que <strong>AMCODESIGN <\/strong><\/span><span>t\u00e9 sobre els continguts d&#8217;aquesta. Queda prohibit qualsevol \u00fas dels continguts de la nostra p\u00e0gina web, inclosa la modificaci\u00f3, c\u00f2pia, reproducci\u00f3, transmissi\u00f3, entre altres, sense el perm\u00eds previ per escrit de l&#8217;empresa.<\/span><\/p>\n<\/div>\n<p><!--more--><br \/>\n<!-- {\"type\":\"layout\",\"children\":[{\"type\":\"section\",\"props\":{\"image_position\":\"center-center\",\"padding_bottom\":\"small\",\"padding_top\":\"small\",\"style\":\"default\",\"title_breakpoint\":\"xl\",\"title_position\":\"top-left\",\"title_rotation\":\"left\",\"vertical_align\":\"\",\"width\":\"default\"},\"children\":[{\"type\":\"row\",\"children\":[{\"type\":\"column\",\"props\":{\"image_position\":\"center-center\",\"position_sticky_breakpoint\":\"m\"},\"children\":[{\"type\":\"image\",\"props\":{\"image\":\"wp-content\/uploads\/2024\/11\/legal-home.png\",\"image_svg_color\":\"emphasis\",\"image_width\":100,\"margin_bottom\":\"default\",\"margin_top\":\"default\",\"text_align\":\"center\"}},{\"type\":\"headline\",\"props\":{\"content\":\"<strong>AV\u00cdS LEGAL<\/strong>\",\"image_align\":\"left\",\"image_margin\":\"xsmall\",\"text_align\":\"center\",\"title_element\":\"h1\",\"title_style\":\"h1\"}}]}]}],\"name\":\"Portada\"},{\"type\":\"section\",\"props\":{\"image_position\":\"center-center\",\"padding_bottom\":\"xsmall\",\"padding_top\":\"xsmall\",\"style\":\"default\",\"title_breakpoint\":\"xl\",\"title_position\":\"top-left\",\"title_rotation\":\"left\",\"vertical_align\":\"\",\"width\":\"default\"},\"children\":[{\"type\":\"row\",\"children\":[{\"type\":\"column\",\"props\":{\"image_position\":\"center-center\",\"position_sticky_breakpoint\":\"m\"},\"children\":[{\"type\":\"headline\",\"props\":{\"content\":\"<strong>1. Informaci\u00f3 legal<\/strong>\",\"image_align\":\"left\",\"image_margin\":\"xsmall\",\"title_element\":\"h2\",\"title_style\":\"h3\"}},{\"type\":\"text\",\"props\":{\"column_breakpoint\":\"m\",\"content\":\"\n\n<p>En cumpliment de la <strong>Llei 34\/2002, d'11 de juliol, de Serveis de la Societat de l'Informaci\u00f3 i el Comer\u00e7 Electr\u00f2nic (LSSI-CE)<\/strong> presentem la seg\u00fcent informaci\u00f3:<\/p>\n\n\\n\n\n<p><strong>TITULAR:<\/strong><span>\u00a0<\/span>ALEXANDRA PA\u00d1OS ALCAL\u00c1<\/p>\n\n\\n\n\n<p><strong>DNI:<\/strong><span> 47790052P<\/span><\/p>\n\n\\n\n\n<p><strong>NOM COMERCIAL:<\/strong><span> AMCODESIGN<\/span><\/p>\n\n\\n\n\n<p><strong>DIRECCI\u00d3:<\/strong><span>\u00a0<\/span>Carrer Perdiu, 3, Oficina 1 - 08480 L'Ametlla del Vall\u00e8s (Barcelona)<\/p>\n\n\\n\n\n<p><strong>CONTACTE: <a href=\\\"tel:+34930485120\\\" target=\\\"_blank\\\" rel=\\\"noopener\\\">+34 930 485 120<\/a><\/strong><\/p>\n\n\\n\n\n<p><strong>CORREU ELECTR\u00d2NIC:\u00a0<\/strong><a href=\\\"mailto:info@amcodesignweb.com\\\" target=\\\"_blank\\\" rel=\\\"noopener\\\">info@amcodesignweb.com<\/a><\/p>\n\n\\n\n\n<p><strong>P\u00c0GINA WEB OFICIAL:<\/strong><span>\u00a0<\/span><a href=\\\"https:\/\/amcodesignweb.com\/ca\/\\\">https:\/\/amcodesignweb.com\/ca\/<\/a><\/p>\n\n\",\"margin_bottom\":\"default\",\"margin_top\":\"default\"}}]}]}],\"name\":\"1. Informaci\u00f3 legal\"},{\"type\":\"section\",\"props\":{\"image_position\":\"center-center\",\"padding_bottom\":\"small\",\"padding_top\":\"small\",\"style\":\"default\",\"title_breakpoint\":\"xl\",\"title_position\":\"top-left\",\"title_rotation\":\"left\",\"vertical_align\":\"\",\"width\":\"default\"},\"children\":[{\"type\":\"row\",\"children\":[{\"type\":\"column\",\"props\":{\"image_position\":\"center-center\",\"position_sticky_breakpoint\":\"m\"},\"children\":[{\"type\":\"headline\",\"props\":{\"content\":\"<strong>2. Protecci\u00f3 de dades<\/strong>\",\"image_align\":\"left\",\"image_margin\":\"xsmall\",\"title_element\":\"h2\",\"title_style\":\"h3\"}},{\"type\":\"text\",\"props\":{\"column_breakpoint\":\"m\",\"content\":\"\n\n<p>Enviant un correu electr\u00f2nic o trucant per tel\u00e8fon, les teves dades personals passaran a ser responsabilitat de l'empresa indicada en l'apartat <strong>\u00ab1. Informaci\u00f3 Legal\u00bb<\/strong>.<\/p>\n\n\\n\n\n<p>Aquestes dades s'utilitzaran per respondre la teva sol\u00b7licitud o consulta al m\u00e9s aviat possible, per qu\u00e8 ens ho proporciones informat i lliurement amb aquesta finalitat. Per altres tractaments o finalitats relacionats amb prestacions dels nostres serveis o el desenvolupament de la nostra activitat, podr\u00e0s obtenir m\u00e9s informaci\u00f3 a la <strong>\u00abPol\u00edtica de Privacitat\u00bb<\/strong><span> o sol\u00b7licitar-la a la nostra adre\u00e7a de correu electr\u00f2nic que apareix en l'apartat<\/span><span>\u00a0<\/span><strong>\u00ab1. Informaci\u00f3 Legal\u00bb<\/strong>.<\/p>\n\n\",\"margin_bottom\":\"default\",\"margin_top\":\"default\"}}]}]}],\"name\":\"2. Protecci\u00f3 de dades\"},{\"type\":\"section\",\"props\":{\"image_position\":\"center-center\",\"padding_bottom\":\"small\",\"padding_top\":\"small\",\"style\":\"default\",\"title_breakpoint\":\"xl\",\"title_position\":\"top-left\",\"title_rotation\":\"left\",\"vertical_align\":\"\",\"width\":\"default\"},\"children\":[{\"type\":\"row\",\"children\":[{\"type\":\"column\",\"props\":{\"image_position\":\"center-center\",\"position_sticky_breakpoint\":\"m\"},\"children\":[{\"type\":\"headline\",\"props\":{\"content\":\"<strong>3. Limitaci\u00f3 de responsabilitats<\/strong>\",\"image_align\":\"left\",\"image_margin\":\"xsmall\",\"title_element\":\"h2\",\"title_style\":\"h3\"}},{\"type\":\"text\",\"props\":{\"column_breakpoint\":\"m\",\"content\":\"\n\n<p><strong>AMCODESIGN <\/strong><span>proporciona el lloc web corporatiu, com un mitj\u00e0 per donar a con\u00e8ixer els seus serveis, i permetre el contacte amb els clients.<\/span><\/p>\n\n\\n\n\n<p>La informaci\u00f3 de la p\u00e0gina web es presenta de bona fe i totalment certa, per\u00f2 ens reservem el dret de modificar-la sense previ av\u00eds amb la finalitat d'actualitzar-la, corregir errors i qualsevol altre en inter\u00e8s de l'empresa o dels nostres clients. Per la contractaci\u00f3 dels serveis de l'empresa s'atendran al que es disposa a les condicions de contractaci\u00f3 publicades a la p\u00e0gina web.<\/p>\n\n\\n\n\n<p>L'empresa no es responsabilitza sobre possibles danys inform\u00e0tics que pateixi l'usuari mentre visita la nostra p\u00e0gina web, entenent que aquests no poden ser imputables a l'empresa.<\/p>\n\n\\n\n\n<p>L'empresa tampoc es responsabilitza del contingut dels llocs gestionats per tercers que s'enllacin des de la p\u00e0gina web de<strong>\u00a0AMCODESIGN<\/strong>, aix\u00ed mateix aquests enlla\u00e7os no implicaran l'exist\u00e8ncia d'algun tipus de relaci\u00f3 per part de l'empresa amb tercers.<\/p>\n\n\",\"margin_bottom\":\"default\",\"margin_top\":\"default\"}}]}]}],\"name\":\"3. Limitaci\u00f3 de responsabilitats\"},{\"type\":\"section\",\"props\":{\"image_position\":\"center-center\",\"padding_bottom\":\"small\",\"padding_top\":\"small\",\"style\":\"default\",\"title_breakpoint\":\"xl\",\"title_position\":\"top-left\",\"title_rotation\":\"left\",\"vertical_align\":\"\",\"width\":\"default\"},\"children\":[{\"type\":\"row\",\"children\":[{\"type\":\"column\",\"props\":{\"image_position\":\"center-center\",\"position_sticky_breakpoint\":\"m\"},\"children\":[{\"type\":\"headline\",\"props\":{\"content\":\"<strong>4. Propietat intel\u00b7lectual<\/strong>\",\"image_align\":\"left\",\"image_margin\":\"xsmall\",\"title_element\":\"h2\",\"title_style\":\"h3\"}},{\"type\":\"text\",\"props\":{\"column_breakpoint\":\"m\",\"content\":\"\n\n<p><span>Tots els continguts d'aquesta p\u00e0gina web entenent com a tal, textos, dibuixos, gr\u00e0fics, fotografies, imatges, v\u00eddeos, m\u00fasica, codi, el mateix disseny d'aquesta i qualsevol altra creaci\u00f3 s\u00f3n propietat d'<strong>AMCODESIGN <\/strong><\/span><span>o dels seus respectius titulars, mitjan\u00e7ant la corresponent llic\u00e8ncia, autoritzaci\u00f3 o cessi\u00f3 sobre els drets, i estan protegits en funci\u00f3 de la legislaci\u00f3 sobre la propietat intel\u00b7lectual i industrial. En cap cas, s'entendr\u00e0 que la posada a disposici\u00f3 al p\u00fablic de la p\u00e0gina web, constitueix a ren\u00fancia, cessi\u00f3 o llic\u00e8ncia dels drets que <strong>AMCODESIGN <\/strong><\/span><span>t\u00e9 sobre els continguts d'aquesta. Queda prohibit qualsevol \u00fas dels continguts de la nostra p\u00e0gina web, inclosa la modificaci\u00f3, c\u00f2pia, reproducci\u00f3, transmissi\u00f3, entre altres, sense el perm\u00eds previ per escrit de l'empresa.<\/span><\/p>\n\n\",\"margin_bottom\":\"default\",\"margin_top\":\"default\"}}]}]}],\"name\":\"4. Propietat intel\u00b7lectual\"}],\"version\":\"5.0.10\"} --><\/p>\n","protected":false},"excerpt":{"rendered":"<p>AV\u00cdS LEGAL 1. Informaci\u00f3 legal En cumpliment de la Llei 34\/2002, d&#8217;11 de juliol, de Serveis de la Societat de l&#8217;Informaci\u00f3 i el Comer\u00e7 Electr\u00f2nic (LSSI-CE) presentem la seg\u00fcent informaci\u00f3: TITULAR:\u00a0ALEXANDRA PA\u00d1OS ALCAL\u00c1 DNI: 47790052P NOM COMERCIAL: AMCODESIGN DIRECCI\u00d3:\u00a0Carrer Perdiu, 3, Oficina 1 &#8211; 08480 L&#8217;Ametlla del Vall\u00e8s (Barcelona) CONTACTE: +34 930 485 120 CORREU [&hellip;]<\/p>\n","protected":false},"author":2,"featured_media":0,"parent":0,"menu_order":0,"comment_status":"closed","ping_status":"closed","template":"","meta":{"footnotes":""},"class_list":["post-222","page","type-page","status-publish","hentry"],"_links":{"self":[{"href":"https:\/\/amcodesignweb.com\/ca\/wp-json\/wp\/v2\/pages\/222","targetHints":{"allow":["GET"]}}],"collection":[{"href":"https:\/\/amcodesignweb.com\/ca\/wp-json\/wp\/v2\/pages"}],"about":[{"href":"https:\/\/amcodesignweb.com\/ca\/wp-json\/wp\/v2\/types\/page"}],"author":[{"embeddable":true,"href":"https:\/\/amcodesignweb.com\/ca\/wp-json\/wp\/v2\/users\/2"}],"replies":[{"embeddable":true,"href":"https:\/\/amcodesignweb.com\/ca\/wp-json\/wp\/v2\/comments?post=222"}],"version-history":[{"count":0,"href":"https:\/\/amcodesignweb.com\/ca\/wp-json\/wp\/v2\/pages\/222\/revisions"}],"wp:attachment":[{"href":"https:\/\/amcodesignweb.com\/ca\/wp-json\/wp\/v2\/media?parent=222"}],"curies":[{"name":"wp","href":"https:\/\/api.w.org\/{rel}","templated":true}]}}