{"id":228,"date":"2024-11-21T22:02:15","date_gmt":"2024-11-21T21:02:15","guid":{"rendered":"https:\/?page_id=228"},"modified":"2026-02-06T21:36:07","modified_gmt":"2026-02-06T20:36:07","slug":"politica-de-privacitat","status":"publish","type":"page","link":"https:\/\/amcodesignweb.com\/ca\/politica-de-privacitat\/","title":{"rendered":"Pol\u00edtica de privacitat"},"content":{"rendered":"<p><img decoding=\"async\" src=\"\/wp-content\/uploads\/2024\/11\/legal-home.png\" alt=\"\"><\/p>\n<h1><strong>POL\u00cdTICA DE PRIVACITAT<\/strong><\/h1>\n<h2><strong>1. Responsabilitat<\/strong><\/h2>\n<div>\n<p><strong>TITULAR:<\/strong><span>\u00a0<\/span>ALEXANDRA PA\u00d1OS ALCAL\u00c1<\/p>\n<p><strong>DNI:<\/strong><span> 47790052P<\/span><\/p>\n<p><strong>NOM COMERCIAL:<\/strong><span>\u00a0<\/span>AMCODESIGN<\/p>\n<p><strong>DIRECCI\u00d3:<\/strong><span>\u00a0<\/span>Carrer Perdiu, 3, Oficina 1 &#8211; 08480 L&#8217;Ametlla del Vall\u00e8s (Barcelona)<\/p>\n<p><strong>CONTACTE: <a href=\"tel:+34930485120\" target=\"_blank\" rel=\"noopener\">+34 930 485 120<\/a><\/strong><\/p>\n<p><strong>CORREU ELECTR\u00d2NIC:\u00a0<\/strong><a href=\"mailto:info@amcodesignweb.com\" target=\"_blank\" rel=\"noopener\">info@amcodesignweb.com<\/a><\/p>\n<p><strong>P\u00c0GINA WEB OFICIAL: <\/strong><a href=\"https:\/\/amcodesignweb.com\/ca\/\">https:\/\/amcodesignweb.com\/ca\/<\/a><\/p>\n<\/div>\n<h2><strong>2. Proced\u00e8ncia, finalitat i destinataris<\/strong><\/h2>\n<div>\n<p><strong>Dades personals del sol\u00b7licitant:<\/strong><\/p>\n<p>S&#8217;haur\u00e0 d&#8217;emplenar totes les dades sol\u00b7licitades en el correu electr\u00f2nic. Les dades personals s\u00f3n proporcionades directament pels mateixos interessats, amb la finalitat de gestionar la sol\u00b7licitud d&#8217;informaci\u00f3.<\/p>\n<p>Podem recollir les dades personals, identificatius i de contacte. Finalment, s&#8217;enviar\u00e0 la informaci\u00f3 a trav\u00e9s de medis electr\u00f2nics sobre les futures activitats que porti a terme l&#8217;empresa per aquells interessats que, degudament informats durant la recollida de dades, no s&#8217;oposin.<\/p>\n<p><strong>Sol\u00b7licitants d&#8217;informaci\u00f3:<\/strong><\/p>\n<p>Les dades personals procedeixen del mateix interessat, el qual ens les proporciona en emplenar les dades en el correu electr\u00f2nic, en trucar-nos per tel\u00e8fon, o a partir de consultes a les xarxes socials, on t\u00e9 pres\u00e8ncia l&#8217;empresa.<\/p>\n<p>Aquestes dades s&#8217;utilitzen amb la finalitat de resoldre les consultes, i proporcionar informaci\u00f3 de car\u00e0cter comercial a aquells que ho sol\u00b7licitin o ho autoritzin expressament, principalment per mitj\u00e0 de correu electr\u00f2nic.<\/p>\n<\/div>\n<h2><strong>3. Legitimaci\u00f3 i conservaci\u00f3<\/strong><\/h2>\n<div>\n<p><strong>La Legitimaci\u00f3:<\/strong><\/p>\n<p>En primer lloc, podem tractar les dades per qu\u00e8 els mateixos interessats o els seus responsables ens les proporcionen, per gestionar el seu registre com a usuari a la p\u00e0gina web. Tamb\u00e9, demanem perm\u00eds a aquestes persones pel tractament de les seves dades, pels casos en qu\u00e8 la legislaci\u00f3 vigent aix\u00ed ens ho exigeix, principalment en relaci\u00f3 amb l&#8217;enviament de correus electr\u00f2nics comercials.<\/p>\n<p>Finalment, a vegades alguna llei ens demana que presentem i conservem determinada documentaci\u00f3, en la qual poden apar\u00e8ixer dades personals dels nostres clients, com pot ser la llei general tribut\u00e0ria, de manera que haurem de tractar les seves dades en el seu compliment.<\/p>\n<p><strong>La Conservaci\u00f3:<\/strong>\u00a0<\/p>\n<p>Un cop les dades no siguin necess\u00e0ries per al que van ser recollides, es conservaran a disposici\u00f3 de les administracions p\u00fabliques competents, jutges i tribunals, durant els terminis legals de conservaci\u00f3, \u00e9s a dir, mentre una llei ens pugui exigir que els presentem. Expirats aquests terminis, es mantindran bloquejats fins que sigui possible la seva posterior destrucci\u00f3 o supressi\u00f3.<\/p>\n<\/div>\n<h2><strong>4. Destinataris<\/strong><\/h2>\n<div>\n<p><span>No cedim les dades personals a tercers. Comptem amb prove\u00efdors que ens presten els serveis d&#8217;allotjament web, programari, eines inform\u00e0tiques, entre altres.<\/span><\/p>\n<\/div>\n<h2><strong>5. Consentiment<\/strong><\/h2>\n<div>\n<p>El consentiment pels seg\u00fcents tractaments es recull de manera lliure, espec\u00edfica, informada i inequ\u00edvoca a partir de correus electr\u00f2nics enviats als nostres clients.<\/p>\n<p>A m\u00e9s, si no desitges rebre comunicacions per correu electr\u00f2nic, et pots oposar de manera senzilla enviant-nos un correu electr\u00f2nic.<\/p>\n<\/div>\n<h2><strong>6. Drets<\/strong><\/h2>\n<div>\n<p>Podr\u00e0s retirar el teu consentiment o exercir els teus drets de:<\/p>\n<ul>\n<li><strong>ACC\u00c9S O CONEIXEMENT<\/strong><span>\u00a0<\/span>de quines s\u00f3n les dades que tractem de tu.<\/li>\n<li><strong>RECTIFICACI\u00d3 O CORRECCI\u00d3<\/strong><span>\u00a0<\/span>de dades personals incorrectes o inexactes.<\/li>\n<li><strong>SUPRESSI\u00d3 O ELIMINACI\u00d3<\/strong><span>\u00a0<\/span>de les dades personals que tenim de tu.<\/li>\n<li><strong>OPOSICI\u00d3 O EL FET<\/strong><span>\u00a0<\/span>que deixem de tractar les seves dades personals.<\/li>\n<li><strong>LIMITACI\u00d3 O RESTRICCI\u00d3<\/strong><span>\u00a0<\/span>del tractament que realitzem.<\/li>\n<li><strong>PORTABILITAT O EL FET<\/strong><span>\u00a0<\/span>que et proporcionarem les teves dades personals.<\/li>\n<\/ul>\n<p>Sobre les dades de car\u00e0cter personal, presentant una c\u00f2pia del teu Document Nacional d&#8217;Identitat (DNI) i exposant breument el teu cas i el dret que vol exercir, mitjan\u00e7ant una carta dirigida a:<\/p>\n<p><strong>ALEXANDRA PA\u00d1OS ALCAL\u00c1<\/strong><\/p>\n<p><strong>AMCODESIGN<\/strong><\/p>\n<p><strong>C\/ Perdiu, 3, Oficina 1 &#8211; 08480 L&#8217;Ametlla del Vall\u00e8s (Barcelona)<\/strong><\/p>\n<p>o enviant un correu electr\u00f2nic a:<\/p>\n<p><a href=\"mailto:info@amcodesignweb.com\" target=\"_blank\" rel=\"noopener\">info@amcodesignweb.com<\/a><\/p>\n<p>Podr\u00e0s trobar m\u00e9s informaci\u00f3 sobre els teus drets o presentar una reclamaci\u00f3 davant l&#8217;Autoritat de Control competent a l&#8217;Ag\u00e8ncia Espanyola de Protecci\u00f3 de Dades.<\/p>\n<p><strong><a href=\"https:\/\/www.agpd.es\/\" target=\"_blank\" rel=\"noopener\">https:\/\/www.agpd.es\/<\/a><\/strong><\/p>\n<p><strong>C\/ Jorge Juan, 6; 28001 &#8211; Madrid (Madrid)<\/strong><\/p>\n<p><strong>Tel\u00e8fon de contacte:<span>\u00a0<\/span><a href=\"tel:+34901100099\">+34 901 100 099<\/a><span>\u00a0<\/span>&#8211;<span>\u00a0<\/span><a href=\"tel:+34912663517\">+34 912 663 517<\/a><\/strong><\/p>\n<\/div>\n<p><!--more--><br \/>\n<!-- {\"type\":\"layout\",\"children\":[{\"type\":\"section\",\"props\":{\"image_position\":\"center-center\",\"padding_bottom\":\"small\",\"padding_top\":\"small\",\"style\":\"default\",\"title_breakpoint\":\"xl\",\"title_position\":\"top-left\",\"title_rotation\":\"left\",\"vertical_align\":\"\",\"width\":\"default\"},\"children\":[{\"type\":\"row\",\"children\":[{\"type\":\"column\",\"props\":{\"image_position\":\"center-center\",\"position_sticky_breakpoint\":\"m\"},\"children\":[{\"type\":\"image\",\"props\":{\"image\":\"wp-content\/uploads\/2024\/11\/legal-home.png\",\"image_svg_color\":\"emphasis\",\"image_width\":100,\"margin_bottom\":\"default\",\"margin_top\":\"default\",\"text_align\":\"center\"}},{\"type\":\"headline\",\"props\":{\"content\":\"<strong>POL\u00cdTICA DE PRIVACITAT<\/strong>\",\"image_align\":\"left\",\"image_margin\":\"xsmall\",\"text_align\":\"center\",\"title_element\":\"h1\",\"title_style\":\"h1\"}}]}]}],\"name\":\"Portada\"},{\"type\":\"section\",\"props\":{\"image_position\":\"center-center\",\"padding_bottom\":\"xsmall\",\"padding_top\":\"xsmall\",\"style\":\"default\",\"title_breakpoint\":\"xl\",\"title_position\":\"top-left\",\"title_rotation\":\"left\",\"vertical_align\":\"\",\"width\":\"default\"},\"children\":[{\"type\":\"row\",\"children\":[{\"type\":\"column\",\"props\":{\"image_position\":\"center-center\",\"position_sticky_breakpoint\":\"m\"},\"children\":[{\"type\":\"headline\",\"props\":{\"content\":\"<strong>1. Responsabilitat<\/strong>\",\"image_align\":\"left\",\"image_margin\":\"xsmall\",\"title_element\":\"h2\",\"title_style\":\"h3\"}},{\"type\":\"text\",\"props\":{\"column_breakpoint\":\"m\",\"content\":\"\n\n<p><strong>TITULAR:<\/strong><span>\u00a0<\/span>ALEXANDRA PA\u00d1OS ALCAL\u00c1<\/p>\n\n\\n\n\n<p><strong>DNI:<\/strong><span> 47790052P<\/span><\/p>\n\n\\n\n\n<p><strong>NOM COMERCIAL:<\/strong><span>\u00a0<\/span>AMCODESIGN<\/p>\n\n\\n\n\n<p><strong>DIRECCI\u00d3:<\/strong><span>\u00a0<\/span>Carrer Perdiu, 3, Oficina 1 - 08480 L'Ametlla del Vall\u00e8s (Barcelona)<\/p>\n\n\\n\n\n<p><strong>CONTACTE: <a href=\\\"tel:+34930485120\\\" target=\\\"_blank\\\" rel=\\\"noopener\\\">+34 930 485 120<\/a><\/strong><\/p>\n\n\\n\n\n<p><strong>CORREU ELECTR\u00d2NIC:\u00a0<\/strong><a href=\\\"mailto:info@amcodesignweb.com\\\" target=\\\"_blank\\\" rel=\\\"noopener\\\">info@amcodesignweb.com<\/a><\/p>\n\n\\n\n\n<p><strong>P\u00c0GINA WEB OFICIAL: <\/strong><a href=\\\"https:\/\/amcodesignweb.com\/ca\/\\\">https:\/\/amcodesignweb.com\/ca\/<\/a><\/p>\n\n\",\"margin_bottom\":\"default\",\"margin_top\":\"default\"}}]}]}],\"name\":\"1. Responsabilitat\"},{\"type\":\"section\",\"props\":{\"image_position\":\"center-center\",\"padding_bottom\":\"small\",\"padding_top\":\"small\",\"style\":\"default\",\"title_breakpoint\":\"xl\",\"title_position\":\"top-left\",\"title_rotation\":\"left\",\"vertical_align\":\"\",\"width\":\"default\"},\"children\":[{\"type\":\"row\",\"children\":[{\"type\":\"column\",\"props\":{\"image_position\":\"center-center\",\"position_sticky_breakpoint\":\"m\"},\"children\":[{\"type\":\"headline\",\"props\":{\"content\":\"<strong>2. Proced\u00e8ncia, finalitat i destinataris<\/strong>\",\"image_align\":\"left\",\"image_margin\":\"xsmall\",\"title_element\":\"h2\",\"title_style\":\"h3\"}},{\"type\":\"text\",\"props\":{\"column_breakpoint\":\"m\",\"content\":\"\n\n<p><strong>Dades personals del sol\u00b7licitant:<\/strong><\/p>\n\n\\n\n\n<p>S'haur\u00e0 d'emplenar totes les dades sol\u00b7licitades en el correu electr\u00f2nic. Les dades personals s\u00f3n proporcionades directament pels mateixos interessats, amb la finalitat de gestionar la sol\u00b7licitud d'informaci\u00f3.<\/p>\n\n\\n\n\n<p>Podem recollir les dades personals, identificatius i de contacte. Finalment, s'enviar\u00e0 la informaci\u00f3 a trav\u00e9s de medis electr\u00f2nics sobre les futures activitats que porti a terme l'empresa per aquells interessats que, degudament informats durant la recollida de dades, no s'oposin.<\/p>\n\n\\n\n\n<p><strong>Sol\u00b7licitants d'informaci\u00f3:<\/strong><\/p>\n\n\\n\n\n<p>Les dades personals procedeixen del mateix interessat, el qual ens les proporciona en emplenar les dades en el correu electr\u00f2nic, en trucar-nos per tel\u00e8fon, o a partir de consultes a les xarxes socials, on t\u00e9 pres\u00e8ncia l'empresa.<\/p>\n\n\\n\n\n<p>Aquestes dades s'utilitzen amb la finalitat de resoldre les consultes, i proporcionar informaci\u00f3 de car\u00e0cter comercial a aquells que ho sol\u00b7licitin o ho autoritzin expressament, principalment per mitj\u00e0 de correu electr\u00f2nic.<\/p>\n\n\",\"margin_bottom\":\"default\",\"margin_top\":\"default\"}}]}]}],\"name\":\"2. Proced\u00e8ncia, finalitat i destinataris\"},{\"type\":\"section\",\"props\":{\"image_position\":\"center-center\",\"padding_bottom\":\"small\",\"padding_top\":\"small\",\"style\":\"default\",\"title_breakpoint\":\"xl\",\"title_position\":\"top-left\",\"title_rotation\":\"left\",\"vertical_align\":\"\",\"width\":\"default\"},\"children\":[{\"type\":\"row\",\"children\":[{\"type\":\"column\",\"props\":{\"image_position\":\"center-center\",\"position_sticky_breakpoint\":\"m\"},\"children\":[{\"type\":\"headline\",\"props\":{\"content\":\"<strong>3. Legitimaci\u00f3 i conservaci\u00f3<\/strong>\",\"image_align\":\"left\",\"image_margin\":\"xsmall\",\"title_element\":\"h2\",\"title_style\":\"h3\"}},{\"type\":\"text\",\"props\":{\"column_breakpoint\":\"m\",\"content\":\"\n\n<p><strong>La Legitimaci\u00f3:<\/strong><\/p>\n\n\\n\n\n<p>En primer lloc, podem tractar les dades per qu\u00e8 els mateixos interessats o els seus responsables ens les proporcionen, per gestionar el seu registre com a usuari a la p\u00e0gina web. Tamb\u00e9, demanem perm\u00eds a aquestes persones pel tractament de les seves dades, pels casos en qu\u00e8 la legislaci\u00f3 vigent aix\u00ed ens ho exigeix, principalment en relaci\u00f3 amb l'enviament de correus electr\u00f2nics comercials.<\/p>\n\n\\n\n\n<p>Finalment, a vegades alguna llei ens demana que presentem i conservem determinada documentaci\u00f3, en la qual poden apar\u00e8ixer dades personals dels nostres clients, com pot ser la llei general tribut\u00e0ria, de manera que haurem de tractar les seves dades en el seu compliment.<\/p>\n\n\\n\n\n<p><strong>La Conservaci\u00f3:<\/strong>\u00a0<\/p>\n\n\\n\n\n<p>Un cop les dades no siguin necess\u00e0ries per al que van ser recollides, es conservaran a disposici\u00f3 de les administracions p\u00fabliques competents, jutges i tribunals, durant els terminis legals de conservaci\u00f3, \u00e9s a dir, mentre una llei ens pugui exigir que els presentem. Expirats aquests terminis, es mantindran bloquejats fins que sigui possible la seva posterior destrucci\u00f3 o supressi\u00f3.<\/p>\n\n\",\"margin_bottom\":\"default\",\"margin_top\":\"default\"}}]}]}],\"name\":\"3. Legitimaci\u00f3 i conservaci\u00f3\"},{\"type\":\"section\",\"props\":{\"image_position\":\"center-center\",\"padding_bottom\":\"small\",\"padding_top\":\"small\",\"style\":\"default\",\"title_breakpoint\":\"xl\",\"title_position\":\"top-left\",\"title_rotation\":\"left\",\"vertical_align\":\"\",\"width\":\"default\"},\"children\":[{\"type\":\"row\",\"children\":[{\"type\":\"column\",\"props\":{\"image_position\":\"center-center\",\"position_sticky_breakpoint\":\"m\"},\"children\":[{\"type\":\"headline\",\"props\":{\"content\":\"<strong>4. Destinataris<\/strong>\",\"image_align\":\"left\",\"image_margin\":\"xsmall\",\"title_element\":\"h2\",\"title_style\":\"h3\"}},{\"type\":\"text\",\"props\":{\"column_breakpoint\":\"m\",\"content\":\"\n\n<p><span>No cedim les dades personals a tercers. Comptem amb prove\u00efdors que ens presten els serveis d'allotjament web, programari, eines inform\u00e0tiques, entre altres.<\/span><\/p>\n\n\",\"margin_bottom\":\"default\",\"margin_top\":\"default\"}}]}]}],\"name\":\"4. Destinataris\"},{\"type\":\"section\",\"props\":{\"image_position\":\"center-center\",\"padding_bottom\":\"small\",\"padding_top\":\"small\",\"style\":\"default\",\"title_breakpoint\":\"xl\",\"title_position\":\"top-left\",\"title_rotation\":\"left\",\"vertical_align\":\"\",\"width\":\"default\"},\"children\":[{\"type\":\"row\",\"children\":[{\"type\":\"column\",\"props\":{\"image_position\":\"center-center\",\"position_sticky_breakpoint\":\"m\"},\"children\":[{\"type\":\"headline\",\"props\":{\"content\":\"<strong>5. Consentiment<\/strong>\",\"image_align\":\"left\",\"image_margin\":\"xsmall\",\"title_element\":\"h2\",\"title_style\":\"h3\"}},{\"type\":\"text\",\"props\":{\"column_breakpoint\":\"m\",\"content\":\"\n\n<p>El consentiment pels seg\u00fcents tractaments es recull de manera lliure, espec\u00edfica, informada i inequ\u00edvoca a partir de correus electr\u00f2nics enviats als nostres clients.<\/p>\n\n\\n\n\n<p>A m\u00e9s, si no desitges rebre comunicacions per correu electr\u00f2nic, et pots oposar de manera senzilla enviant-nos un correu electr\u00f2nic.<\/p>\n\n\",\"margin_bottom\":\"default\",\"margin_top\":\"default\"}}]}]}],\"name\":\"5. Consentiment\"},{\"type\":\"section\",\"props\":{\"image_position\":\"center-center\",\"padding_bottom\":\"small\",\"padding_top\":\"small\",\"style\":\"default\",\"title_breakpoint\":\"xl\",\"title_position\":\"top-left\",\"title_rotation\":\"left\",\"vertical_align\":\"\",\"width\":\"default\"},\"children\":[{\"type\":\"row\",\"children\":[{\"type\":\"column\",\"props\":{\"image_position\":\"center-center\",\"position_sticky_breakpoint\":\"m\"},\"children\":[{\"type\":\"headline\",\"props\":{\"content\":\"<strong>6. Drets<\/strong>\",\"image_align\":\"left\",\"image_margin\":\"xsmall\",\"title_element\":\"h2\",\"title_style\":\"h3\"}},{\"type\":\"text\",\"props\":{\"column_breakpoint\":\"m\",\"content\":\"\n\n<p>Podr\u00e0s retirar el teu consentiment o exercir els teus drets de:<\/p>\n\n\\n\n\n<ul>\\n\n\n<li><strong>ACC\u00c9S O CONEIXEMENT<\/strong><span>\u00a0<\/span>de quines s\u00f3n les dades que tractem de tu.<\/li>\n\n\\n\n\n<li><strong>RECTIFICACI\u00d3 O CORRECCI\u00d3<\/strong><span>\u00a0<\/span>de dades personals incorrectes o inexactes.<\/li>\n\n\\n\n\n<li><strong>SUPRESSI\u00d3 O ELIMINACI\u00d3<\/strong><span>\u00a0<\/span>de les dades personals que tenim de tu.<\/li>\n\n\\n\n\n<li><strong>OPOSICI\u00d3 O EL FET<\/strong><span>\u00a0<\/span>que deixem de tractar les seves dades personals.<\/li>\n\n\\n\n\n<li><strong>LIMITACI\u00d3 O RESTRICCI\u00d3<\/strong><span>\u00a0<\/span>del tractament que realitzem.<\/li>\n\n\\n\n\n<li><strong>PORTABILITAT O EL FET<\/strong><span>\u00a0<\/span>que et proporcionarem les teves dades personals.<\/li>\n\n\\n<\/ul>\n\n\\n\n\n<p>Sobre les dades de car\u00e0cter personal, presentant una c\u00f2pia del teu Document Nacional d'Identitat (DNI) i exposant breument el teu cas i el dret que vol exercir, mitjan\u00e7ant una carta dirigida a:<\/p>\n\n\\n\n\n<p><strong>ALEXANDRA PA\u00d1OS ALCAL\u00c1<\/strong><\/p>\n\n\\n\n\n<p><strong>AMCODESIGN<\/strong><\/p>\n\n\\n\n\n<p><strong>C\/ Perdiu, 3, Oficina 1 - 08480 L'Ametlla del Vall\u00e8s (Barcelona)<\/strong><\/p>\n\n\\n\n\n<p>o enviant un correu electr\u00f2nic a:<\/p>\n\n\\n\n\n<p><a href=\\\"mailto:info@amcodesignweb.com\\\" target=\\\"_blank\\\" rel=\\\"noopener\\\">info@amcodesignweb.com<\/a><\/p>\n\n\\n\n\n<p>Podr\u00e0s trobar m\u00e9s informaci\u00f3 sobre els teus drets o presentar una reclamaci\u00f3 davant l'Autoritat de Control competent a l'Ag\u00e8ncia Espanyola de Protecci\u00f3 de Dades.<\/p>\n\n\\n\n\n<p><strong><a href=\\\"https:\/\/www.agpd.es\/\\\">https:\/\/www.agpd.es\/<\/a><\/strong><\/p>\n\n\\n\n\n<p><strong>C\/ Jorge Juan, 6; 28001 - Madrid (Madrid)<\/strong><\/p>\n\n\\n\n\n<p><strong>Tel\u00e8fon de contacte:<span>\u00a0<\/span><a href=\\\"tel:+34901100099\\\">+34 901 100 099<\/a><span>\u00a0<\/span>-<span>\u00a0<\/span><a href=\\\"tel:+34912663517\\\">+34 912 663 517<\/a><\/strong><\/p>\n\n\",\"margin_bottom\":\"default\",\"margin_top\":\"default\"}}]}]}],\"name\":\"6. Drets\"}],\"version\":\"5.0.10\"} --><\/p>\n","protected":false},"excerpt":{"rendered":"<p>POL\u00cdTICA DE PRIVACITAT 1. Responsabilitat TITULAR:\u00a0ALEXANDRA PA\u00d1OS ALCAL\u00c1 DNI: 47790052P NOM COMERCIAL:\u00a0AMCODESIGN DIRECCI\u00d3:\u00a0Carrer Perdiu, 3, Oficina 1 &#8211; 08480 L&#8217;Ametlla del Vall\u00e8s (Barcelona) CONTACTE: +34 930 485 120 CORREU ELECTR\u00d2NIC:\u00a0info@amcodesignweb.com P\u00c0GINA WEB OFICIAL: https:\/\/amcodesignweb.com\/ca\/ 2. Proced\u00e8ncia, finalitat i destinataris Dades personals del sol\u00b7licitant: S&#8217;haur\u00e0 d&#8217;emplenar totes les dades sol\u00b7licitades en el correu electr\u00f2nic. Les dades [&hellip;]<\/p>\n","protected":false},"author":2,"featured_media":0,"parent":0,"menu_order":0,"comment_status":"closed","ping_status":"closed","template":"","meta":{"footnotes":""},"class_list":["post-228","page","type-page","status-publish","hentry"],"_links":{"self":[{"href":"https:\/\/amcodesignweb.com\/ca\/wp-json\/wp\/v2\/pages\/228","targetHints":{"allow":["GET"]}}],"collection":[{"href":"https:\/\/amcodesignweb.com\/ca\/wp-json\/wp\/v2\/pages"}],"about":[{"href":"https:\/\/amcodesignweb.com\/ca\/wp-json\/wp\/v2\/types\/page"}],"author":[{"embeddable":true,"href":"https:\/\/amcodesignweb.com\/ca\/wp-json\/wp\/v2\/users\/2"}],"replies":[{"embeddable":true,"href":"https:\/\/amcodesignweb.com\/ca\/wp-json\/wp\/v2\/comments?post=228"}],"version-history":[{"count":0,"href":"https:\/\/amcodesignweb.com\/ca\/wp-json\/wp\/v2\/pages\/228\/revisions"}],"wp:attachment":[{"href":"https:\/\/amcodesignweb.com\/ca\/wp-json\/wp\/v2\/media?parent=228"}],"curies":[{"name":"wp","href":"https:\/\/api.w.org\/{rel}","templated":true}]}}