{"id":802,"date":"2024-11-28T19:20:07","date_gmt":"2024-11-28T18:20:07","guid":{"rendered":"https:\/?page_id=802"},"modified":"2025-05-16T21:08:50","modified_gmt":"2025-05-16T19:08:50","slug":"contacte","status":"publish","type":"page","link":"https:\/\/amcodesignweb.com\/ca\/contacte\/","title":{"rendered":"Contacte"},"content":{"rendered":"<p><img decoding=\"async\" src=\"\/wp-content\/uploads\/2024\/11\/contacto.png\" alt=\"\"><\/p>\n<h1><strong>Sol\u00b7licita el teu pressupost<\/strong> sense comprom\u00eds<\/h1>\n<hr>\n<div>\n<p><strong>Tens un projecte amb WordPress o vols millorar la teva web actual?<\/strong><br \/>Ja estiguis a punt de comen\u00e7ar la teva aventura digital o tinguis una web que necessita manteniment, optimitzacions o un redisseny, estem aqu\u00ed per donar-te un cop de m\u00e0.<br \/>Som experts en disseny, SEO i manteniment web a Osona, el Vall\u00e8s i Barcelona.<\/p>\n<p><strong>Omple el formulari i et prepararem una proposta personalitzada segons les necessitats del teu negoci.<\/strong><\/p>\n<\/div>\n<div>\n<p><strong>Horari d&#8217;atenci\u00f3 al client:<\/strong><\/p>\n<p>De dilluns a divendres: 09:00 a 21:00 h<\/p>\n<\/div>\n<p><img decoding=\"async\" src=\"\/wp-content\/uploads\/2024\/11\/asesoramiento.webp\" alt=\"pedir presupuesto\"><\/p>\n<div>\n<div>\n<p style=\"color:#000000;\">\n\n<div class=\"wpcf7 no-js\" id=\"wpcf7-f799-o1\" lang=\"es-ES\" dir=\"ltr\" data-wpcf7-id=\"799\">\n<div class=\"screen-reader-response\"><p role=\"status\" aria-live=\"polite\" aria-atomic=\"true\"><\/p> <ul><\/ul><\/div>\n<form action=\"\/ca\/wp-json\/wp\/v2\/pages\/802#wpcf7-f799-o1\" method=\"post\" class=\"wpcf7-form init\" aria-label=\"Formulario de contacto\" novalidate=\"novalidate\" data-status=\"init\">\n<fieldset class=\"hidden-fields-container\"><input type=\"hidden\" name=\"_wpcf7\" value=\"799\" \/><input type=\"hidden\" name=\"_wpcf7_version\" value=\"6.1.5\" \/><input type=\"hidden\" name=\"_wpcf7_locale\" value=\"es_ES\" \/><input type=\"hidden\" name=\"_wpcf7_unit_tag\" value=\"wpcf7-f799-o1\" \/><input type=\"hidden\" name=\"_wpcf7_container_post\" value=\"0\" \/><input type=\"hidden\" name=\"_wpcf7_posted_data_hash\" value=\"\" \/><input type=\"hidden\" name=\"_wpcf7_recaptcha_response\" value=\"\" \/>\n<\/fieldset>\n<p><label> Nom<br \/>\n<span class=\"wpcf7-form-control-wrap\" data-name=\"your-name\"><input size=\"40\" maxlength=\"400\" class=\"wpcf7-form-control wpcf7-text wpcf7-validates-as-required\" autocomplete=\"name\" aria-required=\"true\" aria-invalid=\"false\" value=\"\" type=\"text\" name=\"your-name\" \/><\/span> <\/label>\n<\/p>\n<p><label> Email<br \/>\n<span class=\"wpcf7-form-control-wrap\" data-name=\"your-email\"><input size=\"40\" maxlength=\"400\" class=\"wpcf7-form-control wpcf7-email wpcf7-validates-as-required wpcf7-text wpcf7-validates-as-email\" autocomplete=\"email\" aria-required=\"true\" aria-invalid=\"false\" value=\"\" type=\"email\" name=\"your-email\" \/><\/span> <\/label>\n<\/p>\n<p><label> Tel\u00e8fon<br \/>\n<span class=\"wpcf7-form-control-wrap\" data-name=\"phone\"><input size=\"40\" maxlength=\"400\" class=\"wpcf7-form-control wpcf7-text wpcf7-validates-as-required\" aria-required=\"true\" aria-invalid=\"false\" value=\"\" type=\"text\" name=\"phone\" \/><\/span> <\/label>\n<\/p>\n<p><label> Assumpte<br \/>\n<span class=\"wpcf7-form-control-wrap\" data-name=\"your-subject\"><input size=\"40\" maxlength=\"400\" class=\"wpcf7-form-control wpcf7-text wpcf7-validates-as-required\" aria-required=\"true\" aria-invalid=\"false\" value=\"\" type=\"text\" name=\"your-subject\" \/><\/span> <\/label>\n<\/p>\n<p><label> Missatge<br \/>\n<span class=\"wpcf7-form-control-wrap\" data-name=\"your-message\"><textarea cols=\"40\" rows=\"10\" maxlength=\"2000\" class=\"wpcf7-form-control wpcf7-textarea\" aria-invalid=\"false\" name=\"your-message\"><\/textarea><\/span> <\/label>\n<\/p>\n<p><span class=\"wpcf7-form-control-wrap\" data-name=\"terms\"><span class=\"wpcf7-form-control wpcf7-acceptance\"><span class=\"wpcf7-list-item\"><label><input type=\"checkbox\" name=\"terms\" value=\"1\" aria-invalid=\"false\" \/><span class=\"wpcf7-list-item-label\">Accepto la pol\u00edtica de privacidad<\/span><\/label><\/span><\/span><\/span>\n<\/p>\n<p><input class=\"wpcf7-form-control wpcf7-submit has-spinner\" type=\"submit\" value=\"Enviar\" \/>\n<\/p><div class=\"wpcf7-response-output\" aria-hidden=\"true\"><\/div>\n<\/form>\n<\/div>\n<\/div>\n<\/div>\n<p><!--more--><br \/>\n<!-- {\"type\":\"layout\",\"children\":[{\"type\":\"section\",\"props\":{\"image_position\":\"center-center\",\"padding\":\"small\",\"style\":\"default\",\"title_breakpoint\":\"xl\",\"title_position\":\"top-left\",\"title_rotation\":\"left\",\"vertical_align\":\"\",\"width\":\"default\"},\"children\":[{\"type\":\"row\",\"children\":[{\"type\":\"column\",\"props\":{\"image_position\":\"center-center\",\"position_sticky_breakpoint\":\"m\"},\"children\":[{\"type\":\"image\",\"props\":{\"image\":\"wp-content\\\/uploads\\\/2024\\\/11\\\/contacto.png\",\"image_svg_color\":\"emphasis\",\"image_width\":100,\"margin\":\"default\",\"text_align\":\"center\"}},{\"type\":\"headline\",\"props\":{\"content\":\"<strong>Sol\\u00b7licita el teu pressupost<\\\/strong> sense comprom\\u00eds\",\"text_align\":\"center\",\"title_element\":\"h1\",\"title_style\":\"h1\"}},{\"type\":\"divider\",\"props\":{\"animation\":\"slide-top-medium\",\"divider_align\":\"center\",\"divider_element\":\"hr\",\"divider_style\":\"small\"}},{\"type\":\"text\",\"props\":{\"animation\":\"slide-right-medium\",\"block_align\":\"center\",\"column_breakpoint\":\"m\",\"content\":\"\n\n<p><strong>Tens un projecte amb WordPress o vols millorar la teva web actual?<\\\/strong><br \\\/>Ja estiguis a punt de comen\\u00e7ar la teva aventura digital o tinguis una web que necessita manteniment, optimitzacions o un redisseny, estem aqu\\u00ed per donar-te un cop de m\\u00e0.<br \\\/>Som experts en disseny, SEO i manteniment web a Osona, el Vall\\u00e8s i Barcelona.<\\\/p>\\n\n\n<p><strong>Omple el formulari i et prepararem una proposta personalitzada segons les necessitats del teu negoci.<\\\/strong><\\\/p>\",\"margin\":\"default\",\"maxwidth\":\"2xlarge\",\"text_align\":\"center\"}}]}]},{\"type\":\"row\",\"props\":{\"layout\":\"1-2,1-2\"},\"children\":[{\"type\":\"column\",\"props\":{\"image_position\":\"center-center\",\"position_sticky_breakpoint\":\"m\",\"vertical_align\":\"middle\",\"width_medium\":\"1-2\"},\"children\":[{\"type\":\"text\",\"props\":{\"column_breakpoint\":\"m\",\"content\":\"\n\n<p><strong>Horari d'atenci\\u00f3 al client:<\\\/strong><\\\/p>\\n\n\n<p>De dilluns a divendres: 09:00 a 21:00 h<\\\/p>\",\"margin\":\"default\",\"text_align\":\"center\",\"text_style\":\"large\"}},{\"type\":\"image\",\"props\":{\"animation\":\"slide-left-medium\",\"image\":\"wp-content\\\/uploads\\\/2024\\\/11\\\/asesoramiento.webp\",\"image_alt\":\"pedir presupuesto\",\"image_svg_color\":\"emphasis\",\"margin\":\"default\",\"text_align\":\"center\"}}]},{\"type\":\"column\",\"props\":{\"image_position\":\"center-center\",\"position_sticky_breakpoint\":\"m\",\"vertical_align\":\"middle\",\"width_medium\":\"1-2\"},\"children\":[{\"type\":\"html\",\"props\":{\"content\":\"\n\n<div>\n\n<p style=\\\"color:#000000;\\\"><\\\/p>[contact-form-7 id=\\\"d08c0ef\\\" title=\\\"Formulario de contacto ca\\\"]<\\\/div>\"}}]}]}],\"name\":\"Contacte\"}],\"version\":\"4.5.16\"} --><\/p>\n","protected":false},"excerpt":{"rendered":"<p>Sol\u00b7licita el teu pressupost sense comprom\u00eds Tens un projecte amb WordPress o vols millorar la teva web actual?Ja estiguis a punt de comen\u00e7ar la teva aventura digital o tinguis una web que necessita manteniment, optimitzacions o un redisseny, estem aqu\u00ed per donar-te un cop de m\u00e0.Som experts en disseny, SEO i manteniment web a Osona, [&hellip;]<\/p>\n","protected":false},"author":2,"featured_media":0,"parent":0,"menu_order":0,"comment_status":"closed","ping_status":"closed","template":"","meta":{"footnotes":""},"class_list":["post-802","page","type-page","status-publish","hentry"],"_links":{"self":[{"href":"https:\/\/amcodesignweb.com\/ca\/wp-json\/wp\/v2\/pages\/802","targetHints":{"allow":["GET"]}}],"collection":[{"href":"https:\/\/amcodesignweb.com\/ca\/wp-json\/wp\/v2\/pages"}],"about":[{"href":"https:\/\/amcodesignweb.com\/ca\/wp-json\/wp\/v2\/types\/page"}],"author":[{"embeddable":true,"href":"https:\/\/amcodesignweb.com\/ca\/wp-json\/wp\/v2\/users\/2"}],"replies":[{"embeddable":true,"href":"https:\/\/amcodesignweb.com\/ca\/wp-json\/wp\/v2\/comments?post=802"}],"version-history":[{"count":0,"href":"https:\/\/amcodesignweb.com\/ca\/wp-json\/wp\/v2\/pages\/802\/revisions"}],"wp:attachment":[{"href":"https:\/\/amcodesignweb.com\/ca\/wp-json\/wp\/v2\/media?parent=802"}],"curies":[{"name":"wp","href":"https:\/\/api.w.org\/{rel}","templated":true}]}}